{"id":344,"date":"2019-09-11T15:46:38","date_gmt":"2019-09-11T12:46:38","guid":{"rendered":"https:\/\/oguzhanoto.com.tr\/?page_id=344"},"modified":"2019-09-12T14:45:35","modified_gmt":"2019-09-12T11:45:35","slug":"hakkimizda","status":"publish","type":"page","link":"https:\/\/oguzhanoto.com.tr\/index.php\/hakkimizda\/","title":{"rendered":"Hakk\u0131m\u0131zda"},"content":{"rendered":"  <div id=\"page-header-755247431\" class=\"page-header-wrapper\">\n  <div class=\"page-title dark featured-title\">\n\n        <div class=\"page-title-bg\">\n      <div class=\"title-bg fill bg-fill\"\n        data-parallax-container=\".page-title\"\n        data-parallax-background\n        data-parallax=\"-\">\n      <\/div>\n      <div class=\"title-overlay fill\"><\/div>\n    <\/div>\n    \n    <div class=\"page-title-inner container align-center flex-row medium-flex-wrap row-reverse\" >\n              <div class=\"title-wrapper flex-col text-right medium-text-center\">\n          <h1 class=\"entry-title mb-0\">\n            Hakk\u0131m\u0131zda          <\/h1>\n        <\/div>\n                    <div class=\"title-content flex-col flex-left text-left medium-text-center\">\n        <div class=\"title-breadcrumbs pb-half pt-half\"><\/div>      <\/div>\n    <\/div>\n\n     \n<style>\n#page-header-755247431 .title-bg {\n  background-image: url(https:\/\/oguzhanoto.com.tr\/wp-content\/uploads\/2019\/09\/Ba\u015fl\u0131ks\u0131z-1-1.png);\n}\n<\/style>\n  <\/div>\n    <\/div>\n  \n\n\t<section class=\"section\" id=\"section_681745143\">\n\t\t<div class=\"section-bg fill\" >\n\t\t\t\t\t\t\t\t\t\n\t\t\t\n\n\t\t<\/div>\n\n\t\t\n\n\t\t<div class=\"section-content relative\">\n\t\t\t\n<div class=\"row\"  id=\"row-1052996263\">\n\n\t<div id=\"col-1487338824\" class=\"col small-12 large-12\"  >\n\t\t\t\t<div class=\"col-inner box-shadow-1\"  >\n\t\t\t\n\t\t\t\n<p>Arac\u0131n\u0131za bakmak hi\u00e7 bu kadar kolay olmam\u0131\u015ft\u0131. O\u011fuzhanoto ekibi olarak var g\u00fcc\u00fcm\u00fczle siz otomobil sahiplerinin ara\u00e7lar\u0131yla ilgili deneyimlerini kolayla\u015ft\u0131rmak, iyile\u015ftirmek ve daha avantajl\u0131 hale getirmek i\u00e7in \u00e7al\u0131\u015f\u0131yoruz.<\/p>\n<p>Arac\u0131n\u0131z\u0131n d\u00fczenli ihtiya\u00e7lar\u0131n\u0131 sizin ad\u0131n\u0131za izliyoruz; zaman\u0131 geldi\u011finde ihtiyac\u0131n\u0131za \u00f6zel, kolay ve avantajl\u0131 \u00e7\u00f6z\u00fcmler sunuyoruz. Lastik de\u011fi\u015fimi, Ara\u00e7 onar\u0131m\u0131, Kaporta boya, Mekanik bak\u0131m, \u00c7ekici Hizmeti, Seramik kaplama, Detayl\u0131 i\u00e7 temizlik, Boyas\u0131z g\u00f6\u00e7\u00fck d\u00fczeltme, A&#8217;dan Z&#8217;ye bak\u0131m onar\u0131m, Cam film, Yedek par\u00e7a de\u011fi\u015fimi gibi d\u00fczenli olarak yap\u0131lmas\u0131 gereken i\u015flemleri sizin i\u00e7in takip ediyoruz.<\/p>\n<p>\u0130htiyac\u0131n\u0131za en uygun \u00e7\u00f6z\u00fcmlere, son dakikaya kalmadan, avantajl\u0131 \u015fartlarda eri\u015fim imkan\u0131 sunuyoruz. Dilerseniz, sizi yak\u0131n\u0131n\u0131zda bulunan ve hizmet kalitesini \u00f6l\u00e7\u00fcmledi\u011fimiz anla\u015fmal\u0131 tedarik\u00e7i noktalar\u0131m\u0131za y\u00f6nlendiriyoruz.<\/p>\n<p>Bu s\u00fcre\u00e7lerin tamam\u0131nda arac\u0131n\u0131z\u0131n yan\u0131 s\u0131ra t\u00fcm ald\u0131\u011f\u0131n\u0131z \u00fcr\u00fcn ve hizmetlerin bilgilerini sizin ad\u0131n\u0131za g\u00fcvenle sakl\u0131yor, diledi\u011finizde eri\u015febilece\u011finiz ve i\u015finizi kolayla\u015ft\u0131racak bi\u00e7imde hizmetinize sunuyoruz.<\/p>\n\t\t<\/div>\n\t\t\t\t\n<style>\n#col-1487338824 > .col-inner {\n  padding: 10px 5px 10px 10px;\n}\n<\/style>\n\t<\/div>\n\n\t\n<\/div>\n\t\t<\/div>\n\n\t\t\n<style>\n#section_681745143 {\n  padding-top: 30px;\n  padding-bottom: 30px;\n}\n<\/style>\n\t<\/section>\n\t\n","protected":false},"excerpt":{"rendered":"","protected":false},"author":1,"featured_media":0,"parent":0,"menu_order":0,"comment_status":"closed","ping_status":"closed","template":"page-blank.php","meta":{"footnotes":""},"class_list":["post-344","page","type-page","status-publish","hentry"],"_links":{"self":[{"href":"https:\/\/oguzhanoto.com.tr\/index.php\/wp-json\/wp\/v2\/pages\/344","targetHints":{"allow":["GET"]}}],"collection":[{"href":"https:\/\/oguzhanoto.com.tr\/index.php\/wp-json\/wp\/v2\/pages"}],"about":[{"href":"https:\/\/oguzhanoto.com.tr\/index.php\/wp-json\/wp\/v2\/types\/page"}],"author":[{"embeddable":true,"href":"https:\/\/oguzhanoto.com.tr\/index.php\/wp-json\/wp\/v2\/users\/1"}],"replies":[{"embeddable":true,"href":"https:\/\/oguzhanoto.com.tr\/index.php\/wp-json\/wp\/v2\/comments?post=344"}],"version-history":[{"count":4,"href":"https:\/\/oguzhanoto.com.tr\/index.php\/wp-json\/wp\/v2\/pages\/344\/revisions"}],"predecessor-version":[{"id":541,"href":"https:\/\/oguzhanoto.com.tr\/index.php\/wp-json\/wp\/v2\/pages\/344\/revisions\/541"}],"wp:attachment":[{"href":"https:\/\/oguzhanoto.com.tr\/index.php\/wp-json\/wp\/v2\/media?parent=344"}],"curies":[{"name":"wp","href":"https:\/\/api.w.org\/{rel}","templated":true}]}}