{"id":323,"date":"2019-09-11T15:27:46","date_gmt":"2019-09-11T12:27:46","guid":{"rendered":"https:\/\/oguzhanoto.com.tr\/?page_id=323"},"modified":"2019-09-17T17:42:39","modified_gmt":"2019-09-17T14:42:39","slug":"iletisim","status":"publish","type":"page","link":"https:\/\/oguzhanoto.com.tr\/index.php\/iletisim\/","title":{"rendered":"\u0130leti\u015fim"},"content":{"rendered":"  <div id=\"page-header-397097324\" class=\"page-header-wrapper\">\n  <div class=\"page-title dark featured-title\">\n\n        <div class=\"page-title-bg\">\n      <div class=\"title-bg fill bg-fill\"\n        data-parallax-container=\".page-title\"\n        data-parallax-background\n        data-parallax=\"-\">\n      <\/div>\n      <div class=\"title-overlay fill\"><\/div>\n    <\/div>\n    \n    <div class=\"page-title-inner container align-center flex-row medium-flex-wrap row-reverse\" >\n              <div class=\"title-wrapper flex-col text-right medium-text-center\">\n          <h1 class=\"entry-title mb-0\">\n            \u0130leti\u015fim          <\/h1>\n        <\/div>\n                    <div class=\"title-content flex-col flex-left text-left medium-text-center\">\n        <div class=\"title-breadcrumbs pb-half pt-half\"><\/div>      <\/div>\n    <\/div>\n\n     \n<style>\n#page-header-397097324 .title-bg {\n  background-image: url(https:\/\/oguzhanoto.com.tr\/wp-content\/uploads\/2019\/09\/Ba\u015fl\u0131ks\u0131z-1-1.png);\n}\n<\/style>\n  <\/div>\n    <\/div>\n  \n\n\t<section class=\"section\" id=\"section_1483516236\">\n\t\t<div class=\"section-bg fill\" >\n\t\t\t\t\t\t\t\t\t\n\t\t\t\n\n\t\t<\/div>\n\n\t\t\n\n\t\t<div class=\"section-content relative\">\n\t\t\t\n<div class=\"row\"  id=\"row-1263982683\">\n\n\t<div id=\"col-1753744578\" class=\"col medium-6 small-12 large-6\"  >\n\t\t\t\t<div class=\"col-inner\"  >\n\t\t\t\n\t\t\t\n<h3 class=\"iletisim-ort\" style=\"text-align: center;\">Haritalar<\/h3>\n<p><iframe loading=\"lazy\" style=\"border: 0;\" src=\"https:\/\/www.google.com\/maps\/embed?pb=!1m14!1m8!1m3!1d12041.273384381473!2d28.9057484!3d41.0182907!3m2!1i1024!2i768!4f13.1!3m3!1m2!1s0x0%3A0x5a9bfcd44262ef8a!2sO%C4%9Fuzhan%20Oto%20Kaporta%20%26%20Boya%20Servisi!5e0!3m2!1str!2str!4v1568289656285!5m2!1str!2str\" width=\"600\" height=\"250\" frameborder=\"0\" allowfullscreen=\"allowfullscreen\"><\/iframe><br \/><i class=\"material-icons\" style=\"font-size: 24px; color: #030335;\">location_on<\/i>\u00a0Maltepe Mah. Davutpa\u015fa Cad. Ser\u00e7ekale Sok. No:123\/1 Topkap\u0131 &#8211; Zeytinburnu<\/p>\n<p><i class=\"fa fa-phone\" style=\"font-size: 20px; color: #030335;\"><\/i> 0 (212) 481 86 76<br \/><i class=\"fa fa-phone\" style=\"font-size: 20px; color: #030335;\"><\/i> 0 (532) 478 42 60<br \/><i class=\"fas fa-envelope\" style=\"font-size: 18px; color: #030335;\"><\/i> info@oguzhanoto.com<\/p>\n\t\t<\/div>\n\t\t\t\t\t<\/div>\n\n\t\n\n\t<div id=\"col-718233792\" class=\"col medium-6 small-12 large-6\"  >\n\t\t\t\t<div class=\"col-inner\"  >\n\t\t\t\n\t\t\t\n<h3 class=\"iletisim-ort\" style=\"text-align: center;\">Bizimle \u0130leti\u015fime Ge\u00e7in!<\/h3>\n<div role=\"form\" class=\"wpcf7\" id=\"wpcf7-f542-o1\" lang=\"tr-TR\" dir=\"ltr\">\n<div class=\"screen-reader-response\"><\/div>\n<form action=\"\/index.php\/wp-json\/wp\/v2\/pages\/323#wpcf7-f542-o1\" method=\"post\" class=\"wpcf7-form\" novalidate=\"novalidate\">\n<div style=\"display: none;\">\n<input type=\"hidden\" name=\"_wpcf7\" value=\"542\" \/>\n<input type=\"hidden\" name=\"_wpcf7_version\" value=\"5.1.6\" \/>\n<input type=\"hidden\" name=\"_wpcf7_locale\" value=\"tr_TR\" \/>\n<input type=\"hidden\" name=\"_wpcf7_unit_tag\" value=\"wpcf7-f542-o1\" \/>\n<input type=\"hidden\" name=\"_wpcf7_container_post\" value=\"0\" \/>\n<\/div>\n<p><span class=\"wpcf7-form-control-wrap your-name\"><input type=\"text\" name=\"your-name\" value=\"\" size=\"40\" class=\"wpcf7-form-control wpcf7-text wpcf7-validates-as-required\" aria-required=\"true\" aria-invalid=\"false\" placeholder=\"Ad-soyad\" \/><\/span><\/p>\n<p>    <span class=\"wpcf7-form-control-wrap your-email\"><input type=\"email\" name=\"your-email\" value=\"\" size=\"40\" class=\"wpcf7-form-control wpcf7-text wpcf7-email wpcf7-validates-as-required wpcf7-validates-as-email\" aria-required=\"true\" aria-invalid=\"false\" placeholder=\"e-posta\" \/><\/span><\/p>\n<p>    <span class=\"wpcf7-form-control-wrap your-subject\"><input type=\"text\" name=\"your-subject\" value=\"\" size=\"40\" class=\"wpcf7-form-control wpcf7-text\" aria-invalid=\"false\" placeholder=\"Konu\" \/><\/span><\/p>\n<p>    <span class=\"wpcf7-form-control-wrap your-message\"><textarea name=\"your-message\" cols=\"40\" rows=\"10\" class=\"wpcf7-form-control wpcf7-textarea\" aria-invalid=\"false\" placeholder=\"iletiniz\"><\/textarea><\/span> <\/p>\n<p><input type=\"submit\" value=\"G\u00f6nder\" class=\"wpcf7-form-control wpcf7-submit\" \/><\/p>\n<div class=\"wpcf7-response-output wpcf7-display-none\"><\/div><\/form><\/div>\n\t\t<\/div>\n\t\t\t\t\n<style>\n#col-718233792 > .col-inner {\n  padding: 10px 10px 10px 10px;\n}\n<\/style>\n\t<\/div>\n\n\t\n<\/div>\n\t\t<\/div>\n\n\t\t\n<style>\n#section_1483516236 {\n  padding-top: 30px;\n  padding-bottom: 30px;\n}\n<\/style>\n\t<\/section>\n\t\n","protected":false},"excerpt":{"rendered":"","protected":false},"author":1,"featured_media":0,"parent":0,"menu_order":0,"comment_status":"closed","ping_status":"closed","template":"page-blank.php","meta":{"footnotes":""},"class_list":["post-323","page","type-page","status-publish","hentry"],"_links":{"self":[{"href":"https:\/\/oguzhanoto.com.tr\/index.php\/wp-json\/wp\/v2\/pages\/323","targetHints":{"allow":["GET"]}}],"collection":[{"href":"https:\/\/oguzhanoto.com.tr\/index.php\/wp-json\/wp\/v2\/pages"}],"about":[{"href":"https:\/\/oguzhanoto.com.tr\/index.php\/wp-json\/wp\/v2\/types\/page"}],"author":[{"embeddable":true,"href":"https:\/\/oguzhanoto.com.tr\/index.php\/wp-json\/wp\/v2\/users\/1"}],"replies":[{"embeddable":true,"href":"https:\/\/oguzhanoto.com.tr\/index.php\/wp-json\/wp\/v2\/comments?post=323"}],"version-history":[{"count":15,"href":"https:\/\/oguzhanoto.com.tr\/index.php\/wp-json\/wp\/v2\/pages\/323\/revisions"}],"predecessor-version":[{"id":581,"href":"https:\/\/oguzhanoto.com.tr\/index.php\/wp-json\/wp\/v2\/pages\/323\/revisions\/581"}],"wp:attachment":[{"href":"https:\/\/oguzhanoto.com.tr\/index.php\/wp-json\/wp\/v2\/media?parent=323"}],"curies":[{"name":"wp","href":"https:\/\/api.w.org\/{rel}","templated":true}]}}